{"id":6445,"date":"2023-06-23T16:26:08","date_gmt":"2023-06-23T14:26:08","guid":{"rendered":"http:\/\/algofi.client.bz\/informativa-sulla-privacy\/"},"modified":"2023-11-09T16:11:29","modified_gmt":"2023-11-09T14:11:29","slug":"informativa-sulla-privacy","status":"publish","type":"page","link":"https:\/\/algofi.client.bz\/it\/informativa-sulla-privacy\/","title":{"rendered":"Informativa sulla privacy"},"content":{"rendered":"\t\t<div data-elementor-type=\"wp-page\" data-elementor-id=\"6445\" class=\"elementor elementor-6445 elementor-3704\" data-elementor-post-type=\"page\">\n\t\t\t\t\t\t<section class=\"elementor-section elementor-top-section elementor-element elementor-element-65f7ee0 elementor-section-boxed elementor-section-height-default elementor-section-height-default\" data-id=\"65f7ee0\" data-element_type=\"section\" data-e-type=\"section\">\n\t\t\t\t\t\t<div class=\"elementor-container elementor-column-gap-default\">\n\t\t\t\t\t<div class=\"elementor-column elementor-col-100 elementor-top-column elementor-element elementor-element-990c551\" data-id=\"990c551\" data-element_type=\"column\" data-e-type=\"column\">\n\t\t\t<div class=\"elementor-widget-wrap elementor-element-populated\">\n\t\t\t\t\t\t<div class=\"elementor-element elementor-element-5d0f6fb elementor-widget elementor-widget-heading\" data-id=\"5d0f6fb\" data-element_type=\"widget\" data-e-type=\"widget\" data-widget_type=\"heading.default\">\n\t\t\t\t<div class=\"elementor-widget-container\">\n\t\t\t\t\t<h1 class=\"elementor-heading-title elementor-size-xl\"><h1>Informativa sulla privacy<\/h1><\/h1>\t\t\t\t<\/div>\n\t\t\t\t<\/div>\n\t\t\t\t<div class=\"elementor-element elementor-element-8a1248a elementor-widget elementor-widget-text-editor\" data-id=\"8a1248a\" data-element_type=\"widget\" data-e-type=\"widget\" data-widget_type=\"text-editor.default\">\n\t\t\t\t<div class=\"elementor-widget-container\">\n\t\t\t\t\t\t\t\t\t<p>Algofi, la cui sede legale si trova al 20 avenue de l&#8217;Op\u00e9ra 75001 Parigi (di seguito &#8220;Societ\u00e0&#8221; o &#8220;noi&#8221;), in qualit\u00e0 di titolare indipendente del trattamento dei dati, utilizza le tecnologie presenti su questo sito web http:\/\/algofi.client.bz\/ (di seguito &#8220;Sito&#8221;) per raccogliere dati che ci consentono di migliorare l&#8217;esperienza online dell&#8217;utente, nel rispetto delle leggi e dei regolamenti applicabili in materia di protezione dei dati personali, in particolare: (i) il Regolamento (UE) 2016\/679 del Parlamento europeo e del Consiglio del 27 aprile 2016 (Regolamento generale sulla protezione dei dati, di seguito &#8220;GDPR&#8221;), che entra in vigore il 25 maggio 2018; e (ii) qualsiasi altro atto normativo, decreto, regolamento o disposizione emanati da un&#8217;autorit\u00e0 nazionale o europea competente in materia di protezione dei dati personali &#8211; di seguito denominati collettivamente &#8220;Regolamenti applicabili in materia di protezione dei dati personali&#8221;.<\/p>\n<\/p>\n<h2>Che cos&#8217;\u00e8 un cookie?<\/h2>\n<p>I cookie sono piccoli file memorizzati sul computer o sul telefono cellulare. Nella maggior parte dei casi, vengono utilizzati per gestire un sito web, migliorarne le prestazioni e renderlo pi\u00f9 efficiente. Un sito web pu\u00f2 leggere questi file e interrogarli, consentendo di riconoscere l&#8217;utente e di registrare informazioni importanti che faciliteranno l&#8217;utilizzo del sito web (ad esempio, le sue preferenze come utente del sito &#8211; di seguito &#8220;Utente&#8221;).<\/p>\n<\/p>\n<h2>Quali cookie utilizziamo?<\/h2>\n<p>Di seguito \u00e8 riportato un elenco dei diversi tipi di cookie utilizzati sul Sito.<\/p>\n<\/p>\n<ul>\n<li>\n<h4>Cookie essenziali (o cookie tecnici).<\/h4>\n<\/li>\n<\/ul>\n<p>Questi cookie sono essenziali per l&#8217;utilizzo del Sito, in quanto consentono all&#8217;Utente di navigare e utilizzare tutte le sue funzioni. Senza questi cookie essenziali, alcuni servizi potrebbero non essere forniti e il Sito potrebbe non funzionare come dovrebbe.<\/p>\n<\/p>\n<ul>\n<li>\n<h4>Cookie di misurazione delle prestazioni e dell&#8217;audience (o cookie analitici).<\/h4>\n<\/li>\n<\/ul>\n<p>Questi cookie ci permettono di raccogliere informazioni relative all&#8217;utilizzo del Sito, consentendoci di migliorarne le prestazioni. Essi consentono, ad esempio, di scoprire quali pagine del Sito sono visitate pi\u00f9 frequentemente e come viene utilizzato il Sito, di registrare eventuali difficolt\u00e0 incontrate dall&#8217;Utente durante l&#8217;utilizzo del Sito e di dirci se le nostre campagne pubblicitarie sono pertinenti.<\/p>\n<\/p>\n<ul>\n<li>\n<h4>Cookie di funzionalit\u00e0.<\/h4>\n<\/li>\n<\/ul>\n<p>In determinate circostanze, possiamo utilizzare cookie di funzionalit\u00e0 che ci consentono di ricordare le scelte effettuate dall&#8217;Utente sul Sito e di fornirgli funzionalit\u00e0 migliorate e pi\u00f9 personalizzate, in particolare per quanto riguarda le pagine web, i promemoria per la partecipazione a una promozione o altri servizi come la visione di un video o la pubblicazione di un commento su un blog. Tutte queste caratteristiche ci aiutano a migliorare la visita dell&#8217;Utente al Sito.<\/p>\n<\/p>\n<h4>Come si gestiscono le preferenze sui cookie?<\/h4>\n<p>Modificando le impostazioni del proprio browser, gli Utenti possono controllare e gestire l&#8217;installazione di questi cookie sul proprio terminale configurando il software del browser. \u00c8 possibile configurare il browser in modo da accettare o rifiutare tutti i cookie, sia sistematicamente che a seconda di chi li invia. \u00c8 anche possibile scegliere di essere informati automaticamente quando un cookie viene memorizzato sul proprio terminale.<\/p>\n<p>Infine, per avere un maggiore controllo sulla gestione dei cookie, gli Utenti possono configurare il software del loro browser in modo da essere invitati ad accettare o rifiutare i cookie prima che il server del sito che stanno visitando li inserisca nel loro disco rigido.<\/p>\n<p>\u00c8 quindi consigliabile configurare le impostazioni del browser in base alle proprie esigenze. Per ulteriori informazioni sui cookie, l&#8217;Utente pu\u00f2 visitare il sito http:\/\/www.youronlinechoices.com\/. Ogni browser \u00e8 diverso.<\/p>\n<p>Elenco dei browser pi\u00f9 utilizzati che consentono di disabilitare i cookie.<\/p>\n<ul>\n<li>Google Chrome<\/li>\n<li>Mozilla Firefox<\/li>\n<li>Internet Explorer<\/li>\n<li>Opera<\/li>\n<li>Safari<\/li>\n<\/ul>\n<p>Qualsiasi impostazione effettuata al riguardo sul terminale pu\u00f2 comportare una modifica o un peggioramento della navigazione sul Sito e in particolare delle condizioni di accesso a determinati servizi del Sito che richiedono l&#8217;uso di cookie. In caso di problemi, \u00e8 possibile modificare le preferenze relative ai cookie in qualsiasi momento e tornare alla situazione precedente.<\/p>\n<\/p>\n<h4>Aggiornamento dell&#8217;informativa<\/h4>\n<p>La societ\u00e0 si riserva il diritto di modificare o aggiornare la presente Informativa sui cookie in conformit\u00e0 a vari orientamenti, decisioni giudiziarie, pareri e normative applicabili in materia di protezione dei dati personali, ora o in futuro. Per determinare la data dell&#8217;ultimo aggiornamento, consultare la data di entrata in vigore all&#8217;inizio dell&#8217;informativa.<\/p>\n<p>Eventuali modifiche alla presente Informativa sui cookie saranno notificate all&#8217;utente in anticipo e saranno in ogni caso disponibili una volta pubblicate sul nostro Sito. Se apporteremo modifiche sostanziali a tale informativa per estendere i diritti dell&#8217;utente in relazione ai dati personali che abbiamo gi\u00e0 raccolto, questi sar\u00e0 informato e avr\u00e0 la possibilit\u00e0 di scegliere come utilizzare tali dati in futuro.<\/p>\n<\/p>\n<h4>Contattaci<\/h4>\n<p>Per qualsiasi domanda sulla presente informativa o se, in qualit\u00e0 di interessato, si desiderano esercitare i propri diritti, \u00e8 possibile consultare la nostra informativa sulla protezione dei dati personali accedendo al seguente link: Informativa sulla protezione dei dati personali o contattarci al seguente indirizzo: contact@algofi.fr<\/p>\n\t\t\t\t\t\t\t\t<\/div>\n\t\t\t\t<\/div>\n\t\t\t\t<div class=\"elementor-element elementor-element-d1c235c elementor-widget elementor-widget-spacer\" data-id=\"d1c235c\" data-element_type=\"widget\" data-e-type=\"widget\" data-widget_type=\"spacer.default\">\n\t\t\t\t<div class=\"elementor-widget-container\">\n\t\t\t\t\t\t\t<div class=\"elementor-spacer\">\n\t\t\t<div class=\"elementor-spacer-inner\"><\/div>\n\t\t<\/div>\n\t\t\t\t\t\t<\/div>\n\t\t\t\t<\/div>\n\t\t\t\t\t<\/div>\n\t\t<\/div>\n\t\t\t\t\t<\/div>\n\t\t<\/section>\n\t\t\t\t<\/div>\n\t\t","protected":false},"excerpt":{"rendered":"<p>Informativa sulla privacy Algofi, la cui sede legale si trova al 20 avenue de l&#8217;Op\u00e9ra 75001 Parigi (di seguito &#8220;Societ\u00e0&#8221; o &#8220;noi&#8221;), in qualit\u00e0 di titolare indipendente del trattamento dei dati, utilizza le tecnologie presenti su questo sito web http:\/\/algofi.client.bz\/ (di seguito &#8220;Sito&#8221;) per raccogliere dati che ci consentono di migliorare l&#8217;esperienza online dell&#8217;utente, nel [&hellip;]<\/p>\n","protected":false},"author":3,"featured_media":0,"parent":0,"menu_order":0,"comment_status":"closed","ping_status":"closed","template":"","meta":{"_acf_changed":false,"inline_featured_image":false,"footnotes":""},"class_list":["post-6445","page","type-page","status-publish","hentry"],"acf":[],"_links":{"self":[{"href":"https:\/\/algofi.client.bz\/it\/wp-json\/wp\/v2\/pages\/6445","targetHints":{"allow":["GET"]}}],"collection":[{"href":"https:\/\/algofi.client.bz\/it\/wp-json\/wp\/v2\/pages"}],"about":[{"href":"https:\/\/algofi.client.bz\/it\/wp-json\/wp\/v2\/types\/page"}],"author":[{"embeddable":true,"href":"https:\/\/algofi.client.bz\/it\/wp-json\/wp\/v2\/users\/3"}],"replies":[{"embeddable":true,"href":"https:\/\/algofi.client.bz\/it\/wp-json\/wp\/v2\/comments?post=6445"}],"version-history":[{"count":0,"href":"https:\/\/algofi.client.bz\/it\/wp-json\/wp\/v2\/pages\/6445\/revisions"}],"wp:attachment":[{"href":"https:\/\/algofi.client.bz\/it\/wp-json\/wp\/v2\/media?parent=6445"}],"curies":[{"name":"wp","href":"https:\/\/api.w.org\/{rel}","templated":true}]}}